{"id":103,"date":"2018-02-27T12:32:34","date_gmt":"2018-02-27T12:32:34","guid":{"rendered":"http:\/\/sati-stiftung.de\/index.php\/donate\/"},"modified":"2025-05-29T08:42:31","modified_gmt":"2025-05-29T06:42:31","slug":"dana","status":"publish","type":"page","link":"https:\/\/sati-stiftung.de\/index.php\/dana\/","title":{"rendered":"d\u0101na"},"content":{"rendered":"\t\t<div data-elementor-type=\"wp-post\" data-elementor-id=\"103\" class=\"elementor elementor-103\" data-elementor-post-type=\"page\">\n\t\t\t\t\t\t<section class=\"elementor-section elementor-top-section elementor-element elementor-element-720e31d elementor-section-boxed elementor-section-height-default elementor-section-height-default\" data-id=\"720e31d\" data-element_type=\"section\" data-e-type=\"section\">\n\t\t\t\t\t\t<div class=\"elementor-container elementor-column-gap-default\">\n\t\t\t\t\t<div class=\"elementor-column elementor-col-100 elementor-top-column elementor-element elementor-element-238b3e2\" data-id=\"238b3e2\" data-element_type=\"column\" data-e-type=\"column\">\n\t\t\t<div class=\"elementor-widget-wrap elementor-element-populated\">\n\t\t\t\t\t\t<div class=\"elementor-element elementor-element-14d227e elementor-widget elementor-widget-heading\" data-id=\"14d227e\" data-element_type=\"widget\" data-e-type=\"widget\" data-widget_type=\"heading.default\">\n\t\t\t\t<div class=\"elementor-widget-container\">\n\t\t\t\t\t<h2 class=\"elementor-heading-title elementor-size-default\">d\u0101na<\/h2>\t\t\t\t<\/div>\n\t\t\t\t<\/div>\n\t\t\t\t\t<\/div>\n\t\t<\/div>\n\t\t\t\t\t<\/div>\n\t\t<\/section>\n\t\t\t\t<section class=\"elementor-section elementor-top-section elementor-element elementor-element-939a4a8 elementor-section-boxed elementor-section-height-default elementor-section-height-default\" data-id=\"939a4a8\" data-element_type=\"section\" data-e-type=\"section\" data-settings=\"{&quot;background_background&quot;:&quot;gradient&quot;}\">\n\t\t\t\t\t\t<div class=\"elementor-container elementor-column-gap-default\">\n\t\t\t\t\t<div class=\"elementor-column elementor-col-100 elementor-top-column elementor-element elementor-element-f583d7f\" data-id=\"f583d7f\" data-element_type=\"column\" data-e-type=\"column\">\n\t\t\t<div class=\"elementor-widget-wrap elementor-element-populated\">\n\t\t\t\t\t\t<div class=\"elementor-element elementor-element-b688988 elementor-widget elementor-widget-spacer\" data-id=\"b688988\" data-element_type=\"widget\" data-e-type=\"widget\" data-widget_type=\"spacer.default\">\n\t\t\t\t<div class=\"elementor-widget-container\">\n\t\t\t\t\t\t\t<div class=\"elementor-spacer\">\n\t\t\t<div class=\"elementor-spacer-inner\"><\/div>\n\t\t<\/div>\n\t\t\t\t\t\t<\/div>\n\t\t\t\t<\/div>\n\t\t\t\t<div class=\"elementor-element elementor-element-7256fe1 elementor-widget elementor-widget-text-editor\" data-id=\"7256fe1\" data-element_type=\"widget\" data-e-type=\"widget\" data-widget_type=\"text-editor.default\">\n\t\t\t\t<div class=\"elementor-widget-container\">\n\t\t\t\t\t\t\t\t\t<p>\u201eM\u00f6nche, w\u00fcrden die Wesen das Resultat von Geben und Teilen kennen so wie ich, w\u00fcrden sie nichts zu sich nehmen, ohne zuvor davon gegeben zu haben, noch w\u00fcrde der Makel der Selbstsucht ihr Herz ersch\u00f6pfen. Auch wenn es ihr letzter Bissen, ihr letzter Happen w\u00e4re, w\u00fcrden sie ihn nicht zu sich nehmen, ohne ihn geteilt zu haben, falls da jemand w\u00e4re, der die Gabe empfangen k\u00f6nnte.\u201c (Iti 26)<\/p>\t\t\t\t\t\t\t\t<\/div>\n\t\t\t\t<\/div>\n\t\t\t\t\t<\/div>\n\t\t<\/div>\n\t\t\t\t\t<\/div>\n\t\t<\/section>\n\t\t\t\t<section class=\"elementor-section elementor-top-section elementor-element elementor-element-4654792 elementor-section-boxed elementor-section-height-default elementor-section-height-default\" data-id=\"4654792\" data-element_type=\"section\" data-e-type=\"section\">\n\t\t\t\t\t\t<div class=\"elementor-container elementor-column-gap-default\">\n\t\t\t\t\t<div class=\"elementor-column elementor-col-100 elementor-top-column elementor-element elementor-element-5480e73\" data-id=\"5480e73\" data-element_type=\"column\" data-e-type=\"column\">\n\t\t\t<div class=\"elementor-widget-wrap elementor-element-populated\">\n\t\t\t\t\t\t<div class=\"elementor-element elementor-element-0ca9d1f elementor-widget elementor-widget-text-editor\" data-id=\"0ca9d1f\" data-element_type=\"widget\" data-e-type=\"widget\" data-widget_type=\"text-editor.default\">\n\t\t\t\t<div class=\"elementor-widget-container\">\n\t\t\t\t\t\t\t\t\t<p><span lang=\"de-DE\">Der Buddha benutzte das Pali-Wort \u201e<strong>d\u0101na<\/strong>\u201c, um Gro\u00dfz\u00fcgigkeit zu beschreiben. <\/span><span lang=\"de-DE\">Wenn der Buddha sich an Laien richtete, um sie d<\/span><span lang=\"de-DE\">as<\/span><span lang=\"de-DE\"> Dhamma z<\/span><span lang=\"de-DE\">u lehren<\/span><span lang=\"de-DE\">, sprach er zuerst \u00fcber <\/span><span lang=\"de-DE\">Gro\u00dfz\u00fcgigkeit. Gro\u00dfz\u00fcgigkeit <\/span><span lang=\"de-DE\">ist<\/span><span lang=\"de-DE\"> der erste Schritt unsere Herzen zu \u00f6ffnen. <\/span><span lang=\"de-DE\">Ohne <\/span><span lang=\"de-DE\">Gro\u00dfz\u00fcgigkeit <\/span><span lang=\"de-DE\">k\u00f6nnen wir <\/span><span lang=\"de-DE\">im Leben und in der spirituellen Entwicklung <\/span><span lang=\"de-DE\">nicht wirklich <\/span><span lang=\"de-DE\">erfolgreich <\/span><span lang=\"de-DE\">sein<\/span><span lang=\"de-DE\">. <\/span><\/p>\t\t\t\t\t\t\t\t<\/div>\n\t\t\t\t<\/div>\n\t\t\t\t<div class=\"elementor-element elementor-element-e2c95c5 elementor-headline--style-rotate elementor-widget elementor-widget-animated-headline\" data-id=\"e2c95c5\" data-element_type=\"widget\" data-e-type=\"widget\" data-settings=\"{&quot;headline_style&quot;:&quot;rotate&quot;,&quot;animation_type&quot;:&quot;blinds&quot;,&quot;rotating_text&quot;:&quot;Verdienste\\nk\\u00f6nnen von Dieben\\nnicht gestohlen werden.&quot;,&quot;loop&quot;:&quot;yes&quot;,&quot;rotate_iteration_delay&quot;:2500}\" data-widget_type=\"animated-headline.default\">\n\t\t\t\t<div class=\"elementor-widget-container\">\n\t\t\t\t\t\t\t<h3 class=\"elementor-headline elementor-headline-animation-type-blinds elementor-headline-letters\">\n\t\t\t\t<span class=\"elementor-headline-dynamic-wrapper elementor-headline-text-wrapper\">\n\t\t\t\t\t<span class=\"elementor-headline-dynamic-text elementor-headline-text-active\">\n\t\t\t\tVerdienste\t\t\t<\/span>\n\t\t\t\t\t<span class=\"elementor-headline-dynamic-text\">\n\t\t\t\tk\u00f6nnen&nbsp;von&nbsp;Dieben\t\t\t<\/span>\n\t\t\t\t\t<span class=\"elementor-headline-dynamic-text\">\n\t\t\t\tnicht&nbsp;gestohlen&nbsp;werden.\t\t\t<\/span>\n\t\t\t\t\t\t<\/span>\n\t\t\t\t<\/h3>\n\t\t\t\t\t\t<\/div>\n\t\t\t\t<\/div>\n\t\t\t\t<div class=\"elementor-element elementor-element-aa2f0e9 elementor-widget elementor-widget-spacer\" data-id=\"aa2f0e9\" data-element_type=\"widget\" data-e-type=\"widget\" data-widget_type=\"spacer.default\">\n\t\t\t\t<div class=\"elementor-widget-container\">\n\t\t\t\t\t\t\t<div class=\"elementor-spacer\">\n\t\t\t<div class=\"elementor-spacer-inner\"><\/div>\n\t\t<\/div>\n\t\t\t\t\t\t<\/div>\n\t\t\t\t<\/div>\n\t\t\t\t<div class=\"elementor-element elementor-element-01d6357 elementor-widget elementor-widget-heading\" data-id=\"01d6357\" data-element_type=\"widget\" data-e-type=\"widget\" data-widget_type=\"heading.default\">\n\t\t\t\t<div class=\"elementor-widget-container\">\n\t\t\t\t\t<h6 class=\"elementor-heading-title elementor-size-default\">Der Buddha lehrte, wie wir auf dreierlei Weise Gro\u00dfz\u00fcgigkeit aus\u00fcben k\u00f6nnen.<\/h6>\t\t\t\t<\/div>\n\t\t\t\t<\/div>\n\t\t\t\t<div class=\"elementor-element elementor-element-4243c66 elementor-widget elementor-widget-spacer\" data-id=\"4243c66\" data-element_type=\"widget\" data-e-type=\"widget\" data-widget_type=\"spacer.default\">\n\t\t\t\t<div class=\"elementor-widget-container\">\n\t\t\t\t\t\t\t<div class=\"elementor-spacer\">\n\t\t\t<div class=\"elementor-spacer-inner\"><\/div>\n\t\t<\/div>\n\t\t\t\t\t\t<\/div>\n\t\t\t\t<\/div>\n\t\t\t\t<section class=\"elementor-section elementor-inner-section elementor-element elementor-element-91709a2 elementor-section-boxed elementor-section-height-default elementor-section-height-default\" data-id=\"91709a2\" data-element_type=\"section\" data-e-type=\"section\">\n\t\t\t\t\t\t<div class=\"elementor-container elementor-column-gap-default\">\n\t\t\t\t\t<div class=\"elementor-column elementor-col-33 elementor-inner-column elementor-element elementor-element-9c1468f\" data-id=\"9c1468f\" data-element_type=\"column\" data-e-type=\"column\">\n\t\t\t<div class=\"elementor-widget-wrap elementor-element-populated\">\n\t\t\t\t\t\t<div class=\"elementor-element elementor-element-c4bf677 elementor-widget elementor-widget-heading\" data-id=\"c4bf677\" data-element_type=\"widget\" data-e-type=\"widget\" data-widget_type=\"heading.default\">\n\t\t\t\t<div class=\"elementor-widget-container\">\n\t\t\t\t\t<h6 class=\"elementor-heading-title elementor-size-default\">Gro\u00dfz\u00fcgig Sein im Geist: <\/h6>\t\t\t\t<\/div>\n\t\t\t\t<\/div>\n\t\t\t\t<div class=\"elementor-element elementor-element-0b05584 elementor-widget elementor-widget-text-editor\" data-id=\"0b05584\" data-element_type=\"widget\" data-e-type=\"widget\" data-widget_type=\"text-editor.default\">\n\t\t\t\t<div class=\"elementor-widget-container\">\n\t\t\t\t\t\t\t\t\t<p><span lang=\"de-DE\">Wir lernen, heilsame <\/span><span lang=\"de-DE\">Gedanken zu <\/span><span lang=\"de-DE\">pflegen<\/span><span lang=\"de-DE\">, um <\/span><span lang=\"de-DE\">uns <\/span><span lang=\"de-DE\">selbst und die Menschen um <\/span><span lang=\"de-DE\">uns<\/span><span lang=\"de-DE\"> herum zu unterst\u00fctzen.<\/span><\/p>\t\t\t\t\t\t\t\t<\/div>\n\t\t\t\t<\/div>\n\t\t\t\t\t<\/div>\n\t\t<\/div>\n\t\t\t\t<div class=\"elementor-column elementor-col-33 elementor-inner-column elementor-element elementor-element-b1b94ed\" data-id=\"b1b94ed\" data-element_type=\"column\" data-e-type=\"column\">\n\t\t\t<div class=\"elementor-widget-wrap elementor-element-populated\">\n\t\t\t\t\t\t<div class=\"elementor-element elementor-element-9515e5e elementor-widget elementor-widget-heading\" data-id=\"9515e5e\" data-element_type=\"widget\" data-e-type=\"widget\" data-widget_type=\"heading.default\">\n\t\t\t\t<div class=\"elementor-widget-container\">\n\t\t\t\t\t<h6 class=\"elementor-heading-title elementor-size-default\">Gro\u00dfz\u00fcgig Sein in der Sprache:<\/h6>\t\t\t\t<\/div>\n\t\t\t\t<\/div>\n\t\t\t\t<div class=\"elementor-element elementor-element-6bb7984 elementor-widget elementor-widget-text-editor\" data-id=\"6bb7984\" data-element_type=\"widget\" data-e-type=\"widget\" data-widget_type=\"text-editor.default\">\n\t\t\t\t<div class=\"elementor-widget-container\">\n\t\t\t\t\t\t\t\t\t<p><span lang=\"de-DE\">Wir benutzen aus guter Absicht <\/span><span lang=\"de-DE\">freundliche und weise Worte, um <\/span><span lang=\"de-DE\">uns<\/span><span lang=\"de-DE\"> selbst und anderen zu helfen, im Leben erfolgreich zu sein.<\/span><\/p>\t\t\t\t\t\t\t\t<\/div>\n\t\t\t\t<\/div>\n\t\t\t\t\t<\/div>\n\t\t<\/div>\n\t\t\t\t<div class=\"elementor-column elementor-col-33 elementor-inner-column elementor-element elementor-element-b477872\" data-id=\"b477872\" data-element_type=\"column\" data-e-type=\"column\">\n\t\t\t<div class=\"elementor-widget-wrap elementor-element-populated\">\n\t\t\t\t\t\t<div class=\"elementor-element elementor-element-3945399 elementor-widget elementor-widget-heading\" data-id=\"3945399\" data-element_type=\"widget\" data-e-type=\"widget\" data-widget_type=\"heading.default\">\n\t\t\t\t<div class=\"elementor-widget-container\">\n\t\t\t\t\t<h6 class=\"elementor-heading-title elementor-size-default\">Gro\u00dfz\u00fcgig Sein in taten: <\/h6>\t\t\t\t<\/div>\n\t\t\t\t<\/div>\n\t\t\t\t<div class=\"elementor-element elementor-element-1f74b8f elementor-widget elementor-widget-text-editor\" data-id=\"1f74b8f\" data-element_type=\"widget\" data-e-type=\"widget\" data-widget_type=\"text-editor.default\">\n\t\t\t\t<div class=\"elementor-widget-container\">\n\t\t\t\t\t\t\t\t\t<p><span lang=\"de-DE\">W<\/span><span lang=\"de-DE\">ir handeln in einer Weise, die unserer Familie, unsern Lehrern, unsern Freunden und anderen in unserem Leben helfen, wann immer es n\u00f6tig ist. Wir offerieren d\u0101na und spenden, wie es unten beschrieben ist.<\/span><\/p>\t\t\t\t\t\t\t\t<\/div>\n\t\t\t\t<\/div>\n\t\t\t\t\t<\/div>\n\t\t<\/div>\n\t\t\t\t\t<\/div>\n\t\t<\/section>\n\t\t\t\t<div class=\"elementor-element elementor-element-f958d0c elementor-widget elementor-widget-text-editor\" data-id=\"f958d0c\" data-element_type=\"widget\" data-e-type=\"widget\" data-widget_type=\"text-editor.default\">\n\t\t\t\t<div class=\"elementor-widget-container\">\n\t\t\t\t\t\t\t\t\t<p>\u201eWenn eine Person Verdienste tut, sollte sie es immer wieder tun, sollte sie eine Vorliebe daf\u00fcr entwickeln. Denn Verdienste anzuh\u00e4ufen bringt Gl\u00fcckseligkeit.&#8221; (Dhp 118)<\/p>\t\t\t\t\t\t\t\t<\/div>\n\t\t\t\t<\/div>\n\t\t\t\t\t<\/div>\n\t\t<\/div>\n\t\t\t\t\t<\/div>\n\t\t<\/section>\n\t\t\t\t<section class=\"elementor-section elementor-top-section elementor-element elementor-element-7cde12e elementor-section-boxed elementor-section-height-default elementor-section-height-default\" data-id=\"7cde12e\" data-element_type=\"section\" data-e-type=\"section\" data-settings=\"{&quot;background_background&quot;:&quot;gradient&quot;}\">\n\t\t\t\t\t\t<div class=\"elementor-container elementor-column-gap-default\">\n\t\t\t\t\t<div class=\"elementor-column elementor-col-100 elementor-top-column elementor-element elementor-element-1898f93\" data-id=\"1898f93\" data-element_type=\"column\" data-e-type=\"column\">\n\t\t\t<div class=\"elementor-widget-wrap elementor-element-populated\">\n\t\t\t\t\t\t<section class=\"elementor-section elementor-inner-section elementor-element elementor-element-153bbdc elementor-section-boxed elementor-section-height-default elementor-section-height-default\" data-id=\"153bbdc\" data-element_type=\"section\" data-e-type=\"section\">\n\t\t\t\t\t\t<div class=\"elementor-container elementor-column-gap-default\">\n\t\t\t\t\t<div class=\"elementor-column elementor-col-50 elementor-inner-column elementor-element elementor-element-9cd9166\" data-id=\"9cd9166\" data-element_type=\"column\" data-e-type=\"column\">\n\t\t\t<div class=\"elementor-widget-wrap elementor-element-populated\">\n\t\t\t\t\t\t<div class=\"elementor-element elementor-element-1a21bf5 elementor-cta--skin-cover elementor-cta--valign-bottom elementor-animated-content elementor-bg-transform elementor-bg-transform-zoom-in elementor-widget elementor-widget-call-to-action\" data-id=\"1a21bf5\" data-element_type=\"widget\" data-e-type=\"widget\" data-widget_type=\"call-to-action.default\">\n\t\t\t\t<div class=\"elementor-widget-container\">\n\t\t\t\t\t\t\t<div class=\"elementor-cta\">\n\t\t\t\t\t<div class=\"elementor-cta__bg-wrapper\">\n\t\t\t\t<div class=\"elementor-cta__bg elementor-bg\" style=\"background-image: url(https:\/\/sati-stiftung.de\/wp-content\/uploads\/2020\/12\/dana-1.jpg);\" role=\"img\" aria-label=\"dana\"><\/div>\n\t\t\t\t<div class=\"elementor-cta__bg-overlay\"><\/div>\n\t\t\t<\/div>\n\t\t\t\t\t\t\t<div class=\"elementor-cta__content\">\n\t\t\t\t\n\t\t\t\t\n\t\t\t\t\n\t\t\t\t\t\t\t\t\t<div class=\"elementor-cta__button-wrapper elementor-cta__content-item elementor-content-item elementor-animated-item--grow\">\n\t\t\t\t\t<a class=\"elementor-cta__button elementor-button elementor-size-\" href=\"https:\/\/www.accesstoinsight.org\/lib\/authors\/various\/wheel367.html\">\n\t\t\t\t\t\tEine Abhandlung, in der Bhikkhu Bodhi ausf\u00fchrlich alle Aspekte von Dana erl\u00e4utert\t\t\t\t\t<\/a>\n\t\t\t\t\t<\/div>\n\t\t\t\t\t\t\t<\/div>\n\t\t\t\t\t\t<\/div>\n\t\t\t\t\t\t<\/div>\n\t\t\t\t<\/div>\n\t\t\t\t\t<\/div>\n\t\t<\/div>\n\t\t\t\t<div class=\"elementor-column elementor-col-50 elementor-inner-column elementor-element elementor-element-5f0f3c6\" data-id=\"5f0f3c6\" data-element_type=\"column\" data-e-type=\"column\">\n\t\t\t<div class=\"elementor-widget-wrap elementor-element-populated\">\n\t\t\t\t\t\t<div class=\"elementor-element elementor-element-aedbad7 elementor-widget elementor-widget-text-editor\" data-id=\"aedbad7\" data-element_type=\"widget\" data-e-type=\"widget\" data-widget_type=\"text-editor.default\">\n\t\t\t\t<div class=\"elementor-widget-container\">\n\t\t\t\t\t\t\t\t\t<p><span lang=\"de-DE\">In buddhistischen asiatischen L\u00e4ndern unterst\u00fctz<\/span><span lang=\"de-DE\">t die<\/span><span lang=\"de-DE\"> Laiengemeinschaft Kl\u00f6ster und Meditationszentren <\/span><span lang=\"de-DE\">und tr\u00e4gt somit dazu bei, dass die hoch gesch\u00e4tzte Rolle <\/span><span lang=\"de-DE\">der Ordinierten <\/span><span lang=\"de-DE\">in der Gesellschaft <\/span><span lang=\"de-DE\">ihren Platz beibeh\u00e4lt<\/span><span lang=\"de-DE\">. <\/span><span lang=\"de-DE\">Sie unterst\u00fctzen dere<\/span><span lang=\"de-DE\">n<\/span><span lang=\"de-DE\"> Aktivit\u00e4ten, <\/span><span lang=\"de-DE\">spenden <\/span><span lang=\"de-DE\">Waren und <\/span><span lang=\"de-DE\">helfen mit <\/span><span lang=\"de-DE\">Dienstleistungen <\/span><span lang=\"de-DE\">aus.<\/span> <span lang=\"de-DE\">Auf diese Weise wird<\/span> <span lang=\"de-DE\">Klosterbau erm\u00f6glicht und<\/span><span lang=\"de-DE\"> die <\/span><span lang=\"de-DE\">Ordinierten werden<\/span><span lang=\"de-DE\"> mit Transportmitteln, Kleidung, Lebensmitteln und Medikamenten <\/span><span lang=\"de-DE\">versorgt<\/span><span lang=\"de-DE\">, damit sie sich ganz dem Unterrichten widmen k\u00f6nnen. <\/span><span lang=\"de-DE\">So wird der <\/span><span lang=\"de-DE\">Reichtum an Weisheit und <\/span><span lang=\"de-DE\">Mitgef\u00fchl, d<\/span><span lang=\"de-DE\">as<\/span><span lang=\"de-DE\"> in den Lehren Buddhas zu finden ist, erhalten.<\/span><\/p>\t\t\t\t\t\t\t\t<\/div>\n\t\t\t\t<\/div>\n\t\t\t\t\t<\/div>\n\t\t<\/div>\n\t\t\t\t\t<\/div>\n\t\t<\/section>\n\t\t\t\t\t<\/div>\n\t\t<\/div>\n\t\t\t\t\t<\/div>\n\t\t<\/section>\n\t\t\t\t<section class=\"elementor-section elementor-top-section elementor-element elementor-element-fc8a4f3 elementor-section-boxed elementor-section-height-default elementor-section-height-default\" data-id=\"fc8a4f3\" data-element_type=\"section\" data-e-type=\"section\">\n\t\t\t\t\t\t<div class=\"elementor-container elementor-column-gap-default\">\n\t\t\t\t\t<div class=\"elementor-column elementor-col-100 elementor-top-column elementor-element elementor-element-f1b25da\" data-id=\"f1b25da\" data-element_type=\"column\" data-e-type=\"column\">\n\t\t\t<div class=\"elementor-widget-wrap\">\n\t\t\t\t\t\t\t<\/div>\n\t\t<\/div>\n\t\t\t\t\t<\/div>\n\t\t<\/section>\n\t\t\t\t<section class=\"elementor-section elementor-top-section elementor-element elementor-element-bc56e2a elementor-section-boxed elementor-section-height-default elementor-section-height-default\" data-id=\"bc56e2a\" data-element_type=\"section\" data-e-type=\"section\">\n\t\t\t\t\t\t<div class=\"elementor-container elementor-column-gap-default\">\n\t\t\t\t\t<div class=\"elementor-column elementor-col-100 elementor-top-column elementor-element elementor-element-8520169\" data-id=\"8520169\" data-element_type=\"column\" data-e-type=\"column\">\n\t\t\t<div class=\"elementor-widget-wrap elementor-element-populated\">\n\t\t\t\t\t\t<div class=\"elementor-element elementor-element-17305d1 elementor-hidden-phone elementor-widget elementor-widget-spacer\" data-id=\"17305d1\" data-element_type=\"widget\" data-e-type=\"widget\" data-widget_type=\"spacer.default\">\n\t\t\t\t<div class=\"elementor-widget-container\">\n\t\t\t\t\t\t\t<div class=\"elementor-spacer\">\n\t\t\t<div class=\"elementor-spacer-inner\"><\/div>\n\t\t<\/div>\n\t\t\t\t\t\t<\/div>\n\t\t\t\t<\/div>\n\t\t\t\t\t<\/div>\n\t\t<\/div>\n\t\t\t\t\t<\/div>\n\t\t<\/section>\n\t\t\t\t<section class=\"elementor-section elementor-top-section elementor-element elementor-element-b1cd536 elementor-section-boxed elementor-section-height-default elementor-section-height-default\" data-id=\"b1cd536\" data-element_type=\"section\" data-e-type=\"section\">\n\t\t\t\t\t\t<div class=\"elementor-container elementor-column-gap-default\">\n\t\t\t\t\t<div class=\"elementor-column elementor-col-100 elementor-top-column elementor-element elementor-element-f9e354f\" data-id=\"f9e354f\" data-element_type=\"column\" data-e-type=\"column\">\n\t\t\t<div class=\"elementor-widget-wrap\">\n\t\t\t\t\t\t\t<\/div>\n\t\t<\/div>\n\t\t\t\t\t<\/div>\n\t\t<\/section>\n\t\t\t\t<\/div>\n\t\t","protected":false},"excerpt":{"rendered":"<p>d\u0101na \u201eM\u00f6nche, w\u00fcrden die Wesen das Resultat von Geben und Teilen kennen so wie ich, w\u00fcrden sie nichts zu sich nehmen, ohne zuvor davon gegeben zu haben, noch w\u00fcrde der Makel der Selbstsucht ihr Herz ersch\u00f6pfen. Auch wenn es ihr letzter Bissen, ihr letzter Happen w\u00e4re, w\u00fcrden sie ihn nicht zu sich nehmen, ohne ihn [&hellip;]<\/p>\n","protected":false},"author":1,"featured_media":0,"parent":0,"menu_order":0,"comment_status":"closed","ping_status":"closed","template":"","meta":{"site-sidebar-layout":"no-sidebar","site-content-layout":"page-builder","ast-site-content-layout":"","site-content-style":"default","site-sidebar-style":"default","ast-global-header-display":"","ast-banner-title-visibility":"","ast-main-header-display":"","ast-hfb-above-header-display":"","ast-hfb-below-header-display":"","ast-hfb-mobile-header-display":"","site-post-title":"disabled","ast-breadcrumbs-content":"","ast-featured-img":"disabled","footer-sml-layout":"","theme-transparent-header-meta":"","adv-header-id-meta":"","stick-header-meta":"","header-above-stick-meta":"","header-main-stick-meta":"","header-below-stick-meta":"","astra-migrate-meta-layouts":"default","ast-page-background-enabled":"default","ast-page-background-meta":{"desktop":{"background-color":"","background-image":"","background-repeat":"repeat","background-position":"center center","background-size":"auto","background-attachment":"scroll","background-type":"","background-media":"","overlay-type":"","overlay-color":"","overlay-gradient":""},"tablet":{"background-color":"","background-image":"","background-repeat":"repeat","background-position":"center center","background-size":"auto","background-attachment":"scroll","background-type":"","background-media":"","overlay-type":"","overlay-color":"","overlay-gradient":""},"mobile":{"background-color":"","background-image":"","background-repeat":"repeat","background-position":"center center","background-size":"auto","background-attachment":"scroll","background-type":"","background-media":"","overlay-type":"","overlay-color":"","overlay-gradient":""}},"ast-content-background-meta":{"desktop":{"background-color":"var(--ast-global-color-5)","background-image":"","background-repeat":"repeat","background-position":"center center","background-size":"auto","background-attachment":"scroll","background-type":"","background-media":"","overlay-type":"","overlay-color":"","overlay-gradient":""},"tablet":{"background-color":"var(--ast-global-color-5)","background-image":"","background-repeat":"repeat","background-position":"center center","background-size":"auto","background-attachment":"scroll","background-type":"","background-media":"","overlay-type":"","overlay-color":"","overlay-gradient":""},"mobile":{"background-color":"var(--ast-global-color-5)","background-image":"","background-repeat":"repeat","background-position":"center center","background-size":"auto","background-attachment":"scroll","background-type":"","background-media":"","overlay-type":"","overlay-color":"","overlay-gradient":""}},"footnotes":""},"class_list":["post-103","page","type-page","status-publish","hentry"],"_links":{"self":[{"href":"https:\/\/sati-stiftung.de\/index.php\/wp-json\/wp\/v2\/pages\/103","targetHints":{"allow":["GET"]}}],"collection":[{"href":"https:\/\/sati-stiftung.de\/index.php\/wp-json\/wp\/v2\/pages"}],"about":[{"href":"https:\/\/sati-stiftung.de\/index.php\/wp-json\/wp\/v2\/types\/page"}],"author":[{"embeddable":true,"href":"https:\/\/sati-stiftung.de\/index.php\/wp-json\/wp\/v2\/users\/1"}],"replies":[{"embeddable":true,"href":"https:\/\/sati-stiftung.de\/index.php\/wp-json\/wp\/v2\/comments?post=103"}],"version-history":[{"count":122,"href":"https:\/\/sati-stiftung.de\/index.php\/wp-json\/wp\/v2\/pages\/103\/revisions"}],"predecessor-version":[{"id":5452,"href":"https:\/\/sati-stiftung.de\/index.php\/wp-json\/wp\/v2\/pages\/103\/revisions\/5452"}],"wp:attachment":[{"href":"https:\/\/sati-stiftung.de\/index.php\/wp-json\/wp\/v2\/media?parent=103"}],"curies":[{"name":"wp","href":"https:\/\/api.w.org\/{rel}","templated":true}]}}